{"id":11626,"date":"2021-07-30T11:11:44","date_gmt":"2021-07-30T13:11:44","guid":{"rendered":"https:\/\/dardar.lt\/?post_type=product&#038;p=11626"},"modified":"2021-07-30T11:12:43","modified_gmt":"2021-07-30T13:12:43","slug":"viking-splash-2-guminiai-btai-su-pasiltinimu","status":"publish","type":"product","link":"https:\/\/dardar.lt\/en\/shop\/vaikams\/viking-splash-2-guminiai-btai-su-pasiltinimu\/","title":{"rendered":"Viking splash 2 guminiai btai, su pa\u0161iltinimu"},"content":{"rendered":"<p>Patog\u016bs ir kokybi\u0161ki Viking guminiai batai.<br \/>\nViking guminiai batai gaminti vaikams, kurie leid\u017eia daug laiko lauke, aktyviai pramogauja, \u017eaid\u017eia \u017eaidim\u0173 aik\u0161tel\u0117se.<br \/>\nBat\u0173 aulas apsaugo nuo dr\u0117gm\u0117s, tai Sintetin\u0117 med\u017eiaga \u2013 Kau\u010diukas.<br \/>\nVidus garantuoja av\u0117jimo patogum\u0105 \u2013 tekstil\u0117. Batai su \u012fd\u0117klu: tekstil\u0117. Neslystantis padas<br \/>\nPuikus pasirinkimas v\u0117siam rudeniui, bei \u0161lapiomis \u017eiemos dienomis.<br \/>\nNepakei\u010diami kasdienai lauko dar\u017eeliuose.<\/p>\n<p>Vidpad\u017ei\u0173 i\u0161matavimai<\/p>\n<p>:<\/p>\n<p>29d 18,6cm<\/p>\n<p>30d 19,5cm<\/p>\n<p>31d 20cm<\/p>\n<p>32d 20,5cm<\/p>\n<p>33d 21,5cm<\/p>\n<p>34d 22cm<\/p>\n","protected":false},"excerpt":{"rendered":"<p>Patog\u016bs ir kokybi\u0161ki Viking guminiai batai. Viking guminiai batai gaminti vaikams, kurie leid\u017eia daug laiko lauke, aktyviai pramogauja, \u017eaid\u017eia \u017eaidim\u0173 aik\u0161tel\u0117se. Bat\u0173 aulas apsaugo nuo dr\u0117gm\u0117s, tai Sintetin\u0117 med\u017eiaga \u2013 Kau\u010diukas. Vidus garantuoja av\u0117jimo patogum\u0105 \u2013 tekstil\u0117. Batai su \u012fd\u0117klu: tekstil\u0117. Neslystantis padas Puikus pasirinkimas v\u0117siam rudeniui, bei \u0161lapiomis \u017eiemos dienomis. Nepakei\u010diami kasdienai lauko dar\u017eeliuose. [&#8230;]\n","protected":false},"featured_media":11633,"template":"","meta":[],"product_brand":[],"product_cat":[105],"product_tag":[],"class_list":{"0":"post-11626","1":"product","2":"type-product","3":"status-publish","4":"has-post-thumbnail","6":"product_cat-vaikams","7":"pa_dydis-29-2","8":"pa_dydis-30-2","9":"pa_dydis-31-2","10":"pa_dydis-32-2","11":"pa_dydis-33-2","12":"pa_dydis-34-2","14":"first","15":"instock","16":"sale","17":"shipping-taxable","18":"purchasable","19":"product-type-variable"},"_links":{"self":[{"href":"https:\/\/dardar.lt\/en\/wp-json\/wp\/v2\/product\/11626","targetHints":{"allow":["GET"]}}],"collection":[{"href":"https:\/\/dardar.lt\/en\/wp-json\/wp\/v2\/product"}],"about":[{"href":"https:\/\/dardar.lt\/en\/wp-json\/wp\/v2\/types\/product"}],"wp:featuredmedia":[{"embeddable":true,"href":"https:\/\/dardar.lt\/en\/wp-json\/wp\/v2\/media\/11633"}],"wp:attachment":[{"href":"https:\/\/dardar.lt\/en\/wp-json\/wp\/v2\/media?parent=11626"}],"wp:term":[{"taxonomy":"product_brand","embeddable":true,"href":"https:\/\/dardar.lt\/en\/wp-json\/wp\/v2\/product_brand?post=11626"},{"taxonomy":"product_cat","embeddable":true,"href":"https:\/\/dardar.lt\/en\/wp-json\/wp\/v2\/product_cat?post=11626"},{"taxonomy":"product_tag","embeddable":true,"href":"https:\/\/dardar.lt\/en\/wp-json\/wp\/v2\/product_tag?post=11626"}],"curies":[{"name":"wp","href":"https:\/\/api.w.org\/{rel}","templated":true}]}}